{"id":177,"date":"2017-07-19T11:32:34","date_gmt":"2017-07-19T08:32:34","guid":{"rendered":"http:\/\/thewriter.themes.tvda.pw\/?page_id=177"},"modified":"2023-09-24T10:57:29","modified_gmt":"2023-09-24T07:57:29","slug":"ana-sayfa","status":"publish","type":"page","link":"https:\/\/osmangencer.com\/","title":{"rendered":"Ana Sayfa"},"content":{"rendered":"<p>[vc_row][vc_column][vc_empty_space height=&#8221;80px&#8221;][\/vc_column][\/vc_row][vc_row][vc_column]\t\t<div class=\"row js--masonry\">\n\t\t\t<div class=\"col-sm-12 col-xs-12 col-md-6 col-xl-4 col-xxl-3 col-xxxl-3 animate-on-screen js--animate-on-screen\" >\n\t\t\t<article id=\"post-437\" class=\"post-masonry post-layout-blocks grid-height __standard post-437 post type-post status-publish format-standard has-post-thumbnail hentry category-genel\" >\n\t\t\t\n<a href=\"https:\/\/osmangencer.com\/index.php\/2023\/10\/24\/izmir-gezisi\/\" title=\"Ho\u015fgeldiniz\" class=\"post-masonry_img-lk\">\n\t\t\t\t<img loading=\"lazy\" decoding=\"async\" width=\"290\" height=\"72\" src=\"https:\/\/osmangencer.com\/wp-content\/uploads\/2023\/09\/cropped-tork-medya-yazilim-logo.png\" class=\"post-masonry_img wp-post-image\" alt=\"\" title=\"Ho\u015fgeldiniz\" \/>\t\t\t<\/a>\n<div class=\"post-masonry_desc-w\">\n\t\n\t<header><h2 class=\"post-masonry_h\"><a href=\"https:\/\/osmangencer.com\/index.php\/2023\/10\/24\/izmir-gezisi\/\" class=\"post-grid_lk\" rel=\"bookmark\">Ho\u015fgeldiniz<\/a><\/h2><\/header>\n\n\n\t<div class=\"post-masonry_desc\">\n\t\t<p>Yak\u0131nda sizlerleyim \u00c7ok yak\u0131nda t\u00fcm yaz\u0131lar\u0131mla burada bulu\u015fmak \u00fczere<\/p>\n\t<\/div>\n\n<\/div>\n<div class=\"post-masonry_top_part bottom_posts_expanded\">\n\t<div class=\"row\">\n\t\t\t\t\t<div class=\"col-xs-12\">\n\t\t\t\t<span class=\"post-masonry_author\">osmangencer<\/span>\n\t\t\t\t<span class=\"post-masonry_date\">on <time datetime=\"2023-10-24T14:59:39+03:00\">24 Ekim 2023<\/time><\/span>\n\t\t\t<\/div>\n\t\t\t<\/div>\n<\/div>\n\n\t\t\t<\/article>\n\n\t<\/div>\n\t<div class=\"col-sm-12 col-xs-12 col-md-6 col-xl-4 col-xxl-3 col-xxxl-3 animate-on-screen js--animate-on-screen\" >\n\t\t\t<article id=\"post-1\" class=\"post-masonry post-layout-blocks grid-height __standard post-1 post type-post status-publish format-standard has-post-thumbnail hentry category-genel\" >\n\t\t\t\n<a href=\"https:\/\/osmangencer.com\/index.php\/2023\/09\/17\/seyahat-tutkusuyla-dunya-kesfi\/\" title=\"Seyahat Tutkusuyla D\u00fcnya Ke\u015ffi\" class=\"post-masonry_img-lk\">\n\t\t\t\t<img loading=\"lazy\" decoding=\"async\" width=\"500\" height=\"340\" src=\"https:\/\/osmangencer.com\/wp-content\/uploads\/2023\/09\/osman_gencer_logo-2-500x340.png\" class=\"post-masonry_img wp-post-image\" alt=\"\" title=\"Seyahat Tutkusuyla D\u00fcnya Ke\u015ffi\" \/>\t\t\t<\/a>\n<div class=\"post-masonry_desc-w\">\n\t\n\t<header><h2 class=\"post-masonry_h\"><a href=\"https:\/\/osmangencer.com\/index.php\/2023\/09\/17\/seyahat-tutkusuyla-dunya-kesfi\/\" class=\"post-grid_lk\" rel=\"bookmark\">Seyahat Tutkusuyla D\u00fcnya Ke\u015ffi<\/a><\/h2><\/header>\n\n\n\t<div class=\"post-masonry_desc\">\n\t\t<p>Seyahat etmek, benim i\u00e7in ya\u015fam\u0131n tuzunu temsil ediyor. Her yeni yolculuk, yeni bir macera ve \u00f6\u011frenme f\u0131rsat\u0131 demek. Seyahat etmek sadece yeni yerler ke\u015ffetmek de\u011fil, ayn\u0131 zamanda farkl\u0131 k\u00fclt\u00fcrleri, insanlar\u0131&#8230;<\/p>\n\t<\/div>\n\n<\/div>\n<div class=\"post-masonry_top_part bottom_posts_expanded\">\n\t<div class=\"row\">\n\t\t\t\t\t<div class=\"col-xs-12\">\n\t\t\t\t<span class=\"post-masonry_author\">admin<\/span>\n\t\t\t\t<span class=\"post-masonry_date\">on <time datetime=\"2023-09-17T18:04:06+03:00\">17 Eyl\u00fcl 2023<\/time><\/span>\n\t\t\t<\/div>\n\t\t\t<\/div>\n<\/div>\n\n\t\t\t<\/article>\n\n\t<\/div>\n\t\t<\/div>\n\t\t[\/vc_column][\/vc_row]<\/p>\n","protected":false},"excerpt":{"rendered":"<p>[vc_row][vc_column][vc_empty_space height=&#8221;80px&#8221;][\/vc_column][\/vc_row][vc_row][vc_column][\/vc_column][\/vc_row]<\/p>\n","protected":false},"author":1,"featured_media":0,"parent":0,"menu_order":0,"comment_status":"closed","ping_status":"closed","template":"","meta":{"footnotes":""},"class_list":["post-177","page","type-page","status-publish","hentry"],"yoast_head":"<!-- This site is optimized with the Yoast SEO plugin v21.4 - https:\/\/yoast.com\/wordpress\/plugins\/seo\/ -->\n<title>Ana Sayfa - osmangencer<\/title>\n<meta name=\"robots\" content=\"noindex, follow, max-snippet:-1, max-image-preview:large, max-video-preview:-1\" \/>\n<meta property=\"og:locale\" content=\"tr_TR\" \/>\n<meta property=\"og:type\" content=\"article\" \/>\n<meta property=\"og:title\" content=\"Ana Sayfa - osmangencer\" \/>\n<meta property=\"og:description\" content=\"[vc_row][vc_column][vc_empty_space height=&#8221;80px&#8221;][\/vc_column][\/vc_row][vc_row][vc_column][\/vc_column][\/vc_row]\" \/>\n<meta property=\"og:url\" content=\"https:\/\/osmangencer.com\/\" \/>\n<meta property=\"og:site_name\" content=\"osmangencer\" \/>\n<meta property=\"article:modified_time\" content=\"2023-09-24T07:57:29+00:00\" \/>\n<meta name=\"twitter:card\" content=\"summary_large_image\" \/>\n<script type=\"application\/ld+json\" class=\"yoast-schema-graph\">{\"@context\":\"https:\/\/schema.org\",\"@graph\":[{\"@type\":\"WebPage\",\"@id\":\"https:\/\/osmangencer.com\/\",\"url\":\"https:\/\/osmangencer.com\/\",\"name\":\"Ana Sayfa - osmangencer\",\"isPartOf\":{\"@id\":\"https:\/\/osmangencer.com\/#website\"},\"datePublished\":\"2017-07-19T08:32:34+00:00\",\"dateModified\":\"2023-09-24T07:57:29+00:00\",\"breadcrumb\":{\"@id\":\"https:\/\/osmangencer.com\/#breadcrumb\"},\"inLanguage\":\"tr\",\"potentialAction\":[{\"@type\":\"ReadAction\",\"target\":[\"https:\/\/osmangencer.com\/\"]}]},{\"@type\":\"BreadcrumbList\",\"@id\":\"https:\/\/osmangencer.com\/#breadcrumb\",\"itemListElement\":[{\"@type\":\"ListItem\",\"position\":1,\"name\":\"Anasayfa\",\"item\":\"https:\/\/osmangencer.com\/\"},{\"@type\":\"ListItem\",\"position\":2,\"name\":\"Ana Sayfa\"}]},{\"@type\":\"WebSite\",\"@id\":\"https:\/\/osmangencer.com\/#website\",\"url\":\"https:\/\/osmangencer.com\/\",\"name\":\"osmangencer\",\"description\":\"\",\"potentialAction\":[{\"@type\":\"SearchAction\",\"target\":{\"@type\":\"EntryPoint\",\"urlTemplate\":\"https:\/\/osmangencer.com\/?s={search_term_string}\"},\"query-input\":\"required name=search_term_string\"}],\"inLanguage\":\"tr\"}]}<\/script>\n<!-- \/ Yoast SEO plugin. -->","yoast_head_json":{"title":"Ana Sayfa - osmangencer","robots":{"index":"noindex","follow":"follow","max-snippet":"max-snippet:-1","max-image-preview":"max-image-preview:large","max-video-preview":"max-video-preview:-1"},"og_locale":"tr_TR","og_type":"article","og_title":"Ana Sayfa - osmangencer","og_description":"[vc_row][vc_column][vc_empty_space height=&#8221;80px&#8221;][\/vc_column][\/vc_row][vc_row][vc_column][\/vc_column][\/vc_row]","og_url":"https:\/\/osmangencer.com\/","og_site_name":"osmangencer","article_modified_time":"2023-09-24T07:57:29+00:00","twitter_card":"summary_large_image","schema":{"@context":"https:\/\/schema.org","@graph":[{"@type":"WebPage","@id":"https:\/\/osmangencer.com\/","url":"https:\/\/osmangencer.com\/","name":"Ana Sayfa - osmangencer","isPartOf":{"@id":"https:\/\/osmangencer.com\/#website"},"datePublished":"2017-07-19T08:32:34+00:00","dateModified":"2023-09-24T07:57:29+00:00","breadcrumb":{"@id":"https:\/\/osmangencer.com\/#breadcrumb"},"inLanguage":"tr","potentialAction":[{"@type":"ReadAction","target":["https:\/\/osmangencer.com\/"]}]},{"@type":"BreadcrumbList","@id":"https:\/\/osmangencer.com\/#breadcrumb","itemListElement":[{"@type":"ListItem","position":1,"name":"Anasayfa","item":"https:\/\/osmangencer.com\/"},{"@type":"ListItem","position":2,"name":"Ana Sayfa"}]},{"@type":"WebSite","@id":"https:\/\/osmangencer.com\/#website","url":"https:\/\/osmangencer.com\/","name":"osmangencer","description":"","potentialAction":[{"@type":"SearchAction","target":{"@type":"EntryPoint","urlTemplate":"https:\/\/osmangencer.com\/?s={search_term_string}"},"query-input":"required name=search_term_string"}],"inLanguage":"tr"}]}},"_links":{"self":[{"href":"https:\/\/osmangencer.com\/index.php\/wp-json\/wp\/v2\/pages\/177","targetHints":{"allow":["GET"]}}],"collection":[{"href":"https:\/\/osmangencer.com\/index.php\/wp-json\/wp\/v2\/pages"}],"about":[{"href":"https:\/\/osmangencer.com\/index.php\/wp-json\/wp\/v2\/types\/page"}],"author":[{"embeddable":true,"href":"https:\/\/osmangencer.com\/index.php\/wp-json\/wp\/v2\/users\/1"}],"replies":[{"embeddable":true,"href":"https:\/\/osmangencer.com\/index.php\/wp-json\/wp\/v2\/comments?post=177"}],"version-history":[{"count":2,"href":"https:\/\/osmangencer.com\/index.php\/wp-json\/wp\/v2\/pages\/177\/revisions"}],"predecessor-version":[{"id":424,"href":"https:\/\/osmangencer.com\/index.php\/wp-json\/wp\/v2\/pages\/177\/revisions\/424"}],"wp:attachment":[{"href":"https:\/\/osmangencer.com\/index.php\/wp-json\/wp\/v2\/media?parent=177"}],"curies":[{"name":"wp","href":"https:\/\/api.w.org\/{rel}","templated":true}]}}